{"id":1325,"date":"2017-07-12T20:12:59","date_gmt":"2017-07-12T18:12:59","guid":{"rendered":"https:\/\/2017.bern.wordcamp.org\/?page_id=1325"},"modified":"2017-07-21T02:35:57","modified_gmt":"2017-07-21T00:35:57","slug":"auf-deutsch","status":"publish","type":"page","link":"https:\/\/bern.wordcamp.org\/2017\/auf-deutsch\/","title":{"rendered":"Auf Deutsch"},"content":{"rendered":"<p>Auf dieser Seite haben wir die wichtigsten Informationen zum WordCamp Bern in deutscher Sprache zusammengestellt, um damit Menschen, die nicht so gut Englisch sprechen, einen kompakten und schnellen \u00dcberblick zu bieten.<\/p>\n<h2>Termin<\/h2>\n<p>Am <strong>Samstag, den 9. September 2017<\/strong> findet im UniS Geb\u00e4ude auf dem Universit\u00e4tscampus in Bern das WordCamp Bern statt. Hier erwarten dich Vortr\u00e4ge und Workshops in rund 20 Sessions zu vielen interessanten Themen rund um WordPress. Aus den Bereichen Design, Entwicklung, Administration und Community ist bestimmt auch f\u00fcr dich genau das Richtige dabei.<\/p>\n<p>Bereits am <strong>Donnerstag, den 7. September 2017<\/strong> findet das \u201e<a href=\"https:\/\/2017.bern.wordcamp.org\/wp-admin-barcamp\/\"><strong>WP Admin Barcamp<\/strong><\/a>\u201c statt. Hierzu sind alle Admins zum gemeinsamen Erfahrungsaustausch eingeladen, die professionell mehrere WordPress-Installationen verwalten.<\/p>\n<p>Am<strong> Freitag, den 8. September 2017<\/strong> findet der \u201e<a href=\"https:\/\/2017.bern.wordcamp.org\/contributor-day\/\"><strong>Contributor Day<\/strong><\/a>\u201c statt. An diesem Tag wirst du die M\u00f6glichkeit haben, dich selbst aktiv an der Weiterentwicklung von WordPress zu beteiligen. In insgesamt 16 verschiedenen Teams gibt es f\u00fcr alle Interessierten die M\u00f6glichkeit, Neues zu entdecken und zu lernen \u2013 auch ganz ohne Programmierkenntnisse.<\/p>\n<p>Am Abend des 9. September findet unser \u201e<strong>After Chillout<\/strong>\u201c statt. Wir m\u00f6chten mit dieser Veranstaltung alle Teilnehmer des WordCamp Bern einladen, einen sch\u00f6nen Abend in gediegener Atmosph\u00e4re zu verbringen, neue Leute kennenzulernen, interessante Gespr\u00e4che zu f\u00fchren und eine Menge Spass zu haben. Schon bald werden wir hier genauere Informationen zum Veranstaltungsort ver\u00f6ffentlichen.<\/p>\n<p>Weitere Informationen zu WordCamps im Allgemeinen und zu anstehenden Terminen findest du <a href=\"https:\/\/central.wordcamp.org\/\">auf dieser Seite<\/a>.<\/p>\n<h2 align=\"justify\">Tickets<\/h2>\n<p>Die Anmeldung f\u00fcr den Contributor Day ist kostenlos und kann von dir direkt <a href=\"https:\/\/docs.google.com\/forms\/d\/e\/1FAIpQLScX1IWuc0_5rEhxhxNSBe9GbqtJ_zxmSHxK8nUHuox4F-zTpA\/viewform\">unter diesem Link<\/a> vorgenommen werden. Bitte beachte, dass wir aufgrund des kleineren Veranstaltungsortes nur eine begrenzte Anzahl von Pl\u00e4tzen f\u00fcr interessierte Teilnehmer verf\u00fcgbar haben. Schnell sein lohnt sich also!<\/p>\n<p>F\u00fcr den Konferenztag am 9. September kannst du dein Ticket <a href=\"https:\/\/2017.bern.wordcamp.org\/tickets\/\">hier erwerben<\/a>. Wir bieten zwei verschiedene Tickets an \u2013 einmal das WordCamp Bern Standard-Ticket und einmal das Microsponsor-Ticket.<\/p>\n<p>Das <a href=\"https:\/\/2017.bern.wordcamp.org\/tickets\/\">Standard-Ticket<\/a> kostet 30.00 Schweizer Franken (CHF) und beinhaltet den Zugang zu allen Sessions der Veranstaltung, das Mittagessen, die Verpflegung zu den Kaffeepausen und den Eintritt zu unserem After Chillout. Weiterhin im Preis enthalten ist ein exklusives #WCBRN 2017 T-Shirt.<\/p>\n<p>Das <a href=\"https:\/\/2017.bern.wordcamp.org\/tickets\/\">Microsponsor-Ticket<\/a> kostet 150.00 Schweizer Franken (CHF) und bietet neben den Inklusivleistungen des Standard-Tickets das gute Gef\u00fchl, die Community mit einem zus\u00e4tzlichen finanziellen Beitrag unterst\u00fctzt zu haben. Weiterhin wirst du als Microsponsor auf unserer Sponsoring-Seite erw\u00e4hnt.<\/p>\n<p>Bitte beachte, dass Tickets nicht zur\u00fcckerstattet werden k\u00f6nnen. Es ist allerdings problemlos m\u00f6glich, das Ticket auf eine andere Person zu \u00fcbertragen.<\/p>\n<h2>Location<\/h2>\n<p>Das WordCamp Bern findet im \u201e<a href=\"http:\/\/www.unibe.ch\/university\/campus_and_infrastructure\/campus_maps_and_lecture_halls_and_classrooms\/maps\/4__unis\/index_eng.html\">UniS<\/a>\u201c statt, welches sich auf dem Universit\u00e4tscampus nahe des Stadtzentrums von Bern befindet<\/p>\n<p>Das Universit\u00e4tsgel\u00e4nde ist innerhalb weniger Minuten vom Hauptbahnhof zu erreichen.<\/p>\n<div class=\"location-split\">\n<div class=\"location-address\">\n<h4>Die genaue Anschrift lautet:<\/h4>\n<p>UniS<br \/>\nSchanzeneckstrasse 1<br \/>\n3012 Bern<br \/>\nSwitzerland<br \/>\n(GPS:\u00a0<a href=\"https:\/\/www.google.ch\/maps\/place\/46%C2%B057'01.4%22N+7%C2%B026'08.6%22E\/@46.9503889,7.4335335,17z\/data=!3m1!4b1!4m5!3m4!1s0x0:0x0!8m2!3d46.9503889!4d7.4357222\">46\u00b057&#8217;01.4&#8243;N 7\u00b026&#8217;08.6&#8243;E<\/a>)<\/p>\n<\/div>\n<div class=\"location-map\"><div class=\"googlemaps\">\n\t\t\t\t<iframe loading=\"lazy\" width=\"904\" height=\"400\" frameborder=\"0\" scrolling=\"no\" marginheight=\"0\" marginwidth=\"0\"  src=\"https:\/\/www.google.com\/maps\/embed?pb=!1m14!1m8!1m3!1d3238.9721588858965!2d7.438113669533904!3d46.94911263557297!3m2!1i1024!2i768!4f13.1!3m3!1m2!1s0x0:0xb8c92e62f4ac7d60!2sUniS!5e0!3m2!1sen!2sch!4v1491392969148\"><\/iframe>\n\t\t\t<\/div><\/div>\n<\/div>\n<h2>Anfahrt<\/h2>\n<p>Bern liegt genau in der Mitte der Schweizer Autobahnen zwischen Z\u00fcrich, Basel, Genf und Interlaken und ist sehr gut erreichbar. Wir empfehlen allerdings die Anreise mit den <a href=\"https:\/\/www.sbb.ch\/de\/\">\u00f6ffentlichen Verkehrsmitteln<\/a>, die in der Schweiz f\u00fcr ihre Zuverl\u00e4ssigkeit und P\u00fcnktlichkeit bekannt sind.<\/p>\n<p><b>Anreise mit dem Flugzeug<\/b><\/p>\n<p>Die gr\u00f6ssten Flugh\u00e4fen der Schweiz sind <a href=\"https:\/\/www.euroairport.com\/de\/\">Basel<\/a> (1:20 Stunden), <a href=\"https:\/\/www.zurich-airport.com\/\">Z\u00fcrich Kloten<\/a> (1:15 Stunden), <a href=\"https:\/\/www.gva.ch\/de\/desktopdefault.aspx\">Genf<\/a> (2 Stunden) und <a href=\"http:\/\/www.flughafenbern.ch\/de\">Bern Belp<\/a> (30\u201340 Minuten). Bei den gesch\u00e4tzten Zeiten handelt es sich um die Dauer bei der Nutzung der \u00f6ffentlichen Verkehrsmittel bis zum Hauptbahnhof Bern.<\/p>\n<p><b>Anreise mit dem Zug<\/b><\/p>\n<p>Die Schweizer Eisenbahn ist f\u00fcr ihre fast schon legend\u00e4re P\u00fcnktlichkeit und Zuverl\u00e4ssigkeit bekannt. Wir empfehlen dir, die Reise nach Bern mit der Bahn anzutreten. Bern ist zwei Stunden von Genf und eine Stunde von Z\u00fcrich und Basel entfernt. <a href=\"https:\/\/www.sbb.ch\/de\/kaufen\/pages\/fahrplan\/fahrplan.xhtml\">Den Fahrplan der SBB findest du hier.<\/a><\/p>\n<p><b>Anreise mit dem Auto<\/b><\/p>\n<p>Folge den Schildern in Richtung \u201eBern Stadtzentrum\u201c und \u201eHauptbahnhof\u201c. <a href=\"http:\/\/www.bernparking.ch\/d\/index.php\">Die gr\u00f6ssten Parkh\u00e4user<\/a> sind an den meisten Autobahnabfahrten ausgeschildert und zeigen auch die aktuell verf\u00fcgbaren, freien Pl\u00e4tze an. Die naheliegendsten Parkh\u00e4user sind \u201eBahnhof Parking\u201c und \u201eCity West\u201c. Beachte jedoch bitte, dass das Parken in Bern teuer ist. Zum Beispiel kostet das 14-st\u00fcndige Parken im Parkhaus \u201eBahnhof Parking\u201c fast 40 Schweizer Franken (CHF).<\/p>\n<h2>Warum in Englisch?<\/h2>\n<p>Um interessierte Besucher in der gesamten Schweiz zu erreichen, haben wir uns entschieden, das WordCamp Bern zu grossen Teilen in englischer Sprache stattfinden zu lassen.<\/p>\n<p>Unsere Besucher, die die englische Sprache nicht so gut beherrschen, m\u00fcssen sich jedoch keine Sorgen machen: Zum einen werden wir einige Workshops in Deutsch anbieten, zum anderen erwarten wir aber auch viele Teilnehmer aus dem deutschsprachigen Teil der Schweiz, aus \u00d6sterreich und aus Deutschland.<\/p>\n<p>Wir werden gemeinsam ganz bestimmt eine Menge Spa\u00df haben \u2013 v\u00f6llig egal in welcher Sprache \ud83d\ude42<\/p>\n<h2><a href=\"https:\/\/2017.bern.wordcamp.org\/auf-deutsch\/verhaltenskodex\/\">Verhaltenskodex<\/a><\/h2>\n","protected":false},"excerpt":{"rendered":"<p>Auf dieser Seite haben wir die wichtigsten Informationen zum WordCamp Bern in deutscher Sprache zusammengestellt, um damit Menschen, die nicht so gut Englisch sprechen, einen kompakten und schnellen \u00dcberblick zu bieten. Termin Am Samstag, den 9. September 2017 findet im UniS Geb\u00e4ude auf dem Universit\u00e4tscampus in Bern das WordCamp Bern statt. Hier erwarten dich Vortr\u00e4ge &hellip; <\/p>\n<p class=\"link-more\"><a href=\"https:\/\/bern.wordcamp.org\/2017\/auf-deutsch\/\" class=\"more-link\">Continue reading<span class=\"screen-reader-text\"> &#8220;Auf Deutsch&#8221;<\/span><\/a><\/p>\n","protected":false},"author":15180486,"featured_media":0,"parent":0,"menu_order":0,"comment_status":"closed","ping_status":"closed","template":"","meta":{"jetpack_post_was_ever_published":false,"footnotes":""},"class_list":["post-1325","page","type-page","status-publish","hentry"],"jetpack_sharing_enabled":true,"_links":{"self":[{"href":"https:\/\/bern.wordcamp.org\/2017\/wp-json\/wp\/v2\/pages\/1325","targetHints":{"allow":["GET"]}}],"collection":[{"href":"https:\/\/bern.wordcamp.org\/2017\/wp-json\/wp\/v2\/pages"}],"about":[{"href":"https:\/\/bern.wordcamp.org\/2017\/wp-json\/wp\/v2\/types\/page"}],"author":[{"embeddable":true,"href":"https:\/\/bern.wordcamp.org\/2017\/wp-json\/wp\/v2\/users\/15180486"}],"replies":[{"embeddable":true,"href":"https:\/\/bern.wordcamp.org\/2017\/wp-json\/wp\/v2\/comments?post=1325"}],"version-history":[{"count":18,"href":"https:\/\/bern.wordcamp.org\/2017\/wp-json\/wp\/v2\/pages\/1325\/revisions"}],"predecessor-version":[{"id":1443,"href":"https:\/\/bern.wordcamp.org\/2017\/wp-json\/wp\/v2\/pages\/1325\/revisions\/1443"}],"wp:attachment":[{"href":"https:\/\/bern.wordcamp.org\/2017\/wp-json\/wp\/v2\/media?parent=1325"}],"curies":[{"name":"wp","href":"https:\/\/api.w.org\/{rel}","templated":true}]}}