{"id":1390,"date":"2017-07-14T22:07:38","date_gmt":"2017-07-14T20:07:38","guid":{"rendered":"https:\/\/2017.bern.wordcamp.org\/?page_id=1390"},"modified":"2017-09-06T10:26:09","modified_gmt":"2017-09-06T08:26:09","slug":"wp-admin-barcamp","status":"publish","type":"page","link":"https:\/\/bern.wordcamp.org\/2017\/wp-admin-barcamp\/","title":{"rendered":"WP Admin Barcamp"},"content":{"rendered":"<blockquote><p>DE: Das WP Admin Barcamp wird auf Deutsch durchgef\u00fchrt.<br \/>\nEN: The WP Admin Barcamp will be in German.<\/p><\/blockquote>\n<p>Inspiriert durch den <a href=\"https:\/\/wpadminday.de\/\">WPAdminDay<\/a> vor dem WordCamp Berlin m\u00f6chten wir auch in der Schweiz eine Plattform f\u00fcr WordPress-Admins zum fachlichen Austausch und gemeinsamen Lernen anbieten. Jeder, der professionell mehrere WordPress-Installationen technisch betreut und verwaltet ist herzlich eingeladen.<\/p>\n<p>Wir wollen uns im Barcamp-Style \u00fcber alle Themen austauschen, die uns Admins im Alltag f\u00fcr unsere Kunden besch\u00e4ftigen; sei es Backup- und Update-Management \u00fcber alle Installationen, Security, Staging, Serverkonfigurationen, Optimierung als Admin, Besonderheiten von Hostern etc. Das heisst, so ein Tag lebt davon, dass alle etwas aus Ihrer Praxis einbringen und gemeinsam teilen. Idealerweise bringt jeder ein Thema mit, das er vorstellen kann oder zu dem er\/sie sich gezielt mit anderen austauschen m\u00f6chte. Der Teilnehmerkreis ist bewusst auf maximal 30 Personen beschr\u00e4nkt, um einen offenen und ehrlichen Austausch zu erm\u00f6glichen.<\/p>\n<p>Das WP Admin Barcamp findet am <strong>Donnerstag, den 7.9.2017<\/strong> von 9:30 &#8211; 17:00 Uhr in den R\u00e4umlichkeiten von cubetech statt. <a href=\"https:\/\/2017.bern.wordcamp.org\/location\/#contributor-day\">Infos zur Anreise hier<\/a>.<\/p>\n<p>Hier geht&#8217;s zum <a href=\"https:\/\/2017.bern.wordcamp.org\/tickets\/\">Ticket<\/a>.<\/p>\n<p>Bitte beschreibt bei der Anmeldung kurz ein Thema, welches Ihr einbringen bzw. zu dem Ihr Euch gezielt austauschen m\u00f6chtet. Diese werden hier zur Vorbereitung vorab ver\u00f6ffentlicht.<\/p>\n<h2>Auktuell vorgeschlagene Themen<\/h2>\n<ul>\n<li>Input: So verwalte ich meine WP-Installationen mit Infinite WP<br \/>\nDiskussion: Wo sind die Grenzen von Wartungs-Support?<\/li>\n<li>WordPressToolKit von Plesk<br \/>\nVerwaltung verschiedenster Installationen<\/li>\n<li>Serverseitige Optimierungen f\u00fcr WordPress<\/li>\n<li>Besonderheiten von Hostern<\/li>\n<li>Ich arbeite mit Jetpack um alle Webseiten die ich betreue zu aktualisieren, es w\u00e4re interessant zu erfahren wie andere Jetpack finden und ob es eine gute Alternative gibt.<\/li>\n<li>Sicherheit ist momentan ein grosses Thema, wie gehen andere mit Spam und Angriffen um.<br \/>\nWelche Plugins ich nutze und welche andere nutzen und den Erfahrungsaustausch dazu.<\/li>\n<li>WordPress Gesch\u00e4ftsmodelle in CH<\/li>\n<li>Composer und Deployment mit Envoyer<\/li>\n<li>IT-Monitoring mit einer Open Source L\u00f6sung<\/li>\n<li>Erfahrungen aus dem praktischen Einsatz mit Plesk und dem WordPress Toolkit<\/li>\n<li>Infinite wp (letzten paar monate Erfahrungen gesammelt).<br \/>\nMich interessiert: automatisches monitoring \u00fcber Screenshot-Funktion<\/li>\n<li>WP hosting<\/li>\n<li>Google Visual Design Studio (f\u00fcr Auswertungen)<\/li>\n<li>&#8211; Vergleich (Infinite WP, Main WP, etc.) Vor- und Nachteile<br \/>\n&#8211; Thema Backup (Updraft, BackWPup, etc)<br \/>\n&#8211; Staging \/ Testumgebungen (Aufwandminimierung, Automatisierung)<br \/>\n&#8211; PageBuilder<\/li>\n<li>WordPress Wartung<br \/>\nManage multiple WordPress sites<\/li>\n<li><\/li>\n<\/ul>\n<h2>Das WP Admin Barcamp wird gro\u00dfz\u00fcgig unterst\u00fctzt von<\/h2>\n<p><img loading=\"lazy\" decoding=\"async\" class=\"size-medium wp-image-1462 alignleft\" src=\"https:\/\/2017.bern.wordcamp.org\/files\/2017\/07\/cyon-logo-300x63.png\" alt=\"\" width=\"300\" height=\"63\" srcset=\"https:\/\/bern.wordcamp.org\/2017\/files\/2017\/07\/cyon-logo-300x63.png 300w, https:\/\/bern.wordcamp.org\/2017\/files\/2017\/07\/cyon-logo-768x162.png 768w, https:\/\/bern.wordcamp.org\/2017\/files\/2017\/07\/cyon-logo-1024x216.png 1024w, https:\/\/bern.wordcamp.org\/2017\/files\/2017\/07\/cyon-logo-500x105.png 500w\" sizes=\"auto, (max-width: 300px) 100vw, 300px\" \/><\/p>\n<p>&nbsp;<\/p>\n<p>&nbsp;<\/p>\n<p style=\"text-align: left\">und<\/p>\n<p><img loading=\"lazy\" decoding=\"async\" class=\"size-medium wp-image-1447 alignleft\" src=\"https:\/\/2017.bern.wordcamp.org\/files\/2017\/07\/cubetech-300x73.png\" alt=\"\" width=\"300\" height=\"73\" srcset=\"https:\/\/bern.wordcamp.org\/2017\/files\/2017\/07\/cubetech-300x73.png 300w, https:\/\/bern.wordcamp.org\/2017\/files\/2017\/07\/cubetech-768x187.png 768w, https:\/\/bern.wordcamp.org\/2017\/files\/2017\/07\/cubetech-1024x250.png 1024w, https:\/\/bern.wordcamp.org\/2017\/files\/2017\/07\/cubetech-500x122.png 500w\" sizes=\"auto, (max-width: 300px) 100vw, 300px\" \/><\/p>\n<p>&nbsp;<\/p>\n","protected":false},"excerpt":{"rendered":"<p>DE: Das WP Admin Barcamp wird auf Deutsch durchgef\u00fchrt. EN: The WP Admin Barcamp will be in German. Inspiriert durch den WPAdminDay vor dem WordCamp Berlin m\u00f6chten wir auch in der Schweiz eine Plattform f\u00fcr WordPress-Admins zum fachlichen Austausch und gemeinsamen Lernen anbieten. Jeder, der professionell mehrere WordPress-Installationen technisch betreut und verwaltet ist herzlich eingeladen. &hellip; <\/p>\n<p class=\"link-more\"><a href=\"https:\/\/bern.wordcamp.org\/2017\/wp-admin-barcamp\/\" class=\"more-link\">Continue reading<span class=\"screen-reader-text\"> &#8220;WP Admin Barcamp&#8221;<\/span><\/a><\/p>\n","protected":false},"author":14074609,"featured_media":0,"parent":0,"menu_order":0,"comment_status":"closed","ping_status":"closed","template":"","meta":{"jetpack_post_was_ever_published":false,"footnotes":""},"class_list":["post-1390","page","type-page","status-publish","hentry"],"jetpack_sharing_enabled":true,"_links":{"self":[{"href":"https:\/\/bern.wordcamp.org\/2017\/wp-json\/wp\/v2\/pages\/1390","targetHints":{"allow":["GET"]}}],"collection":[{"href":"https:\/\/bern.wordcamp.org\/2017\/wp-json\/wp\/v2\/pages"}],"about":[{"href":"https:\/\/bern.wordcamp.org\/2017\/wp-json\/wp\/v2\/types\/page"}],"author":[{"embeddable":true,"href":"https:\/\/bern.wordcamp.org\/2017\/wp-json\/wp\/v2\/users\/14074609"}],"replies":[{"embeddable":true,"href":"https:\/\/bern.wordcamp.org\/2017\/wp-json\/wp\/v2\/comments?post=1390"}],"version-history":[{"count":30,"href":"https:\/\/bern.wordcamp.org\/2017\/wp-json\/wp\/v2\/pages\/1390\/revisions"}],"predecessor-version":[{"id":1957,"href":"https:\/\/bern.wordcamp.org\/2017\/wp-json\/wp\/v2\/pages\/1390\/revisions\/1957"}],"wp:attachment":[{"href":"https:\/\/bern.wordcamp.org\/2017\/wp-json\/wp\/v2\/media?parent=1390"}],"curies":[{"name":"wp","href":"https:\/\/api.w.org\/{rel}","templated":true}]}}